{"id":88,"date":"2021-11-13T23:59:26","date_gmt":"2021-11-13T23:59:26","guid":{"rendered":"http:\/\/fewo-seeblick-allgaeu.de\/?page_id=88"},"modified":"2022-01-22T21:18:07","modified_gmt":"2022-01-22T21:18:07","slug":"freizeit","status":"publish","type":"page","link":"https:\/\/fewo-seeblick-allgaeu.de\/STRATO-apps\/wordpress_02\/app\/freizeit\/","title":{"rendered":"Freizeit"},"content":{"rendered":"\n<p> <\/p>\n\n\n\n<div class=\"wp-block-uagb-advanced-heading uagb-block-b6552fe5 uagb-heading-text\"><h1 class=\"uagb-heading-text\">Freizeitangebote, keine Langeweile&#8230;<\/h1><div class=\"uagb-separator-wrap\"><div class=\"uagb-separator\"><\/div><\/div><p class=\"uagb-desc-text\"><\/p><\/div>\n\n\n\n<div style=\"height:30px\" aria-hidden=\"true\" class=\"wp-block-spacer\"><\/div>\n\n\n\n<section class=\"wp-block-uagb-columns uagb-columns__wrap uagb-columns__background-color uagb-columns__stack-mobile uagb-columns__valign-undefined uagb-columns__gap-0 alignundefined uagb-block-ea5d5eb4\"><div class=\"uagb-columns__overlay\"><\/div><div class=\"uagb-columns__inner-wrap uagb-columns__columns-2\">\n<div class=\"wp-block-uagb-column uagb-column__wrap uagb-column__background-undefined uagb-block-b3e7e647\"><div class=\"uagb-column__overlay\"><\/div><div class=\"uagb-column__inner-wrap\">\n<h2 class=\"wp-block-heading\" id=\"zu-fuss\">&#8230;zu Fu\u00df!<\/h2>\n\n\n\n<div class=\"wp-block-image uag-hide-mob\"><figure class=\"alignleft size-full is-resized\"><img loading=\"lazy\" decoding=\"async\" src=\"https:\/\/fewo-seeblick-allgaeu.de\/wp-content\/uploads\/2022\/01\/icon_wandern_schwarz_auf_weiss_250px.png\" alt=\"\" class=\"wp-image-404\" width=\"100\" height=\"100\" srcset=\"https:\/\/fewo-seeblick-allgaeu.de\/wp-content\/uploads\/2022\/01\/icon_wandern_schwarz_auf_weiss_250px.png 250w, https:\/\/fewo-seeblick-allgaeu.de\/wp-content\/uploads\/2022\/01\/icon_wandern_schwarz_auf_weiss_250px-150x150.png 150w\" sizes=\"auto, (max-width: 100px) 100vw, 100px\" \/><\/figure><\/div>\n<\/div><\/div>\n\n\n\n<div class=\"wp-block-uagb-column uagb-column__wrap uagb-column__background-undefined uagb-block-7a535858\"><div class=\"uagb-column__overlay\"><\/div><div class=\"uagb-column__inner-wrap\">\n<p id=\"eine-vielzahl-von-wanderwegen-beginnen-direkt-vor-der-haustur-besuchen-sie-unseren-stoffelberg-den-hauchenberg-oder-den-niedersonthofener-wasserfall-der-idyllisch-im-wald-liegt\">Eine Vielzahl von Wanderwegen beginnen direkt vor der Haust\u00fcr. Besuchen Sie unseren Stoffelberg, den Hauchenberg oder den Niedersonthofener Wasserfall, der idyllisch im Wald liegt. <\/p>\n\n\n\n<p>Unternehmen Sie einen Spaziergang&nbsp;um den Niedersonthofenersee, der sich auf einer Strecke von 8 km auf einem Kiesweg umrunden l\u00e4sst oder erkunden Sie das \u201eWerdensteiner Moos\u201c mit seinen interessanten Hinweisen auf Fauna und Natur.<\/p>\n\n\n\n<p>F\u00fcr die Kinder k\u00f6nnen Sie die Wanderung kombinieren mit einem Besuch in Diepolz im Bergbauernmuseum.<\/p>\n\n\n\n<figure class=\"wp-block-gallery has-nested-images columns-3 is-cropped wp-block-gallery-1 is-layout-flex wp-block-gallery-is-layout-flex\">\n<figure class=\"wp-block-image size-medium\"><img loading=\"lazy\" decoding=\"async\" width=\"300\" height=\"225\" src=\"https:\/\/fewo-seeblick-allgaeu.de\/wp-content\/uploads\/2022\/01\/20201004_133506-300x225.jpg\" alt=\"\" class=\"wp-image-368\" srcset=\"https:\/\/fewo-seeblick-allgaeu.de\/wp-content\/uploads\/2022\/01\/20201004_133506-300x225.jpg 300w, https:\/\/fewo-seeblick-allgaeu.de\/wp-content\/uploads\/2022\/01\/20201004_133506-1024x768.jpg 1024w, https:\/\/fewo-seeblick-allgaeu.de\/wp-content\/uploads\/2022\/01\/20201004_133506-768x576.jpg 768w, https:\/\/fewo-seeblick-allgaeu.de\/wp-content\/uploads\/2022\/01\/20201004_133506-1536x1152.jpg 1536w, https:\/\/fewo-seeblick-allgaeu.de\/wp-content\/uploads\/2022\/01\/20201004_133506-2048x1536.jpg 2048w\" sizes=\"auto, (max-width: 300px) 100vw, 300px\" \/><\/figure>\n\n\n\n<figure class=\"wp-block-image size-medium\"><img loading=\"lazy\" decoding=\"async\" width=\"1024\" height=\"768\" src=\"https:\/\/fewo-seeblick-allgaeu.de\/wp-content\/uploads\/2022\/01\/20200531_195058-1024x768.jpg\" alt=\"\" class=\"wp-image-369\" srcset=\"https:\/\/fewo-seeblick-allgaeu.de\/wp-content\/uploads\/2022\/01\/20200531_195058-1024x768.jpg 1024w, https:\/\/fewo-seeblick-allgaeu.de\/wp-content\/uploads\/2022\/01\/20200531_195058-300x225.jpg 300w, https:\/\/fewo-seeblick-allgaeu.de\/wp-content\/uploads\/2022\/01\/20200531_195058-768x576.jpg 768w, https:\/\/fewo-seeblick-allgaeu.de\/wp-content\/uploads\/2022\/01\/20200531_195058-1536x1152.jpg 1536w, https:\/\/fewo-seeblick-allgaeu.de\/wp-content\/uploads\/2022\/01\/20200531_195058-2048x1536.jpg 2048w\" sizes=\"auto, (max-width: 1024px) 100vw, 1024px\" \/><\/figure>\n\n\n\n<figure class=\"wp-block-image size-medium\"><img loading=\"lazy\" decoding=\"async\" width=\"1600\" height=\"897\" src=\"https:\/\/fewo-seeblick-allgaeu.de\/wp-content\/uploads\/2022\/01\/IMG-20181017-WA0014.jpg\" alt=\"\" class=\"wp-image-408\" srcset=\"https:\/\/fewo-seeblick-allgaeu.de\/wp-content\/uploads\/2022\/01\/IMG-20181017-WA0014.jpg 1600w, https:\/\/fewo-seeblick-allgaeu.de\/wp-content\/uploads\/2022\/01\/IMG-20181017-WA0014-300x168.jpg 300w, https:\/\/fewo-seeblick-allgaeu.de\/wp-content\/uploads\/2022\/01\/IMG-20181017-WA0014-1024x574.jpg 1024w, https:\/\/fewo-seeblick-allgaeu.de\/wp-content\/uploads\/2022\/01\/IMG-20181017-WA0014-768x431.jpg 768w, https:\/\/fewo-seeblick-allgaeu.de\/wp-content\/uploads\/2022\/01\/IMG-20181017-WA0014-1536x861.jpg 1536w\" sizes=\"auto, (max-width: 1600px) 100vw, 1600px\" \/><\/figure>\n<\/figure>\n<\/div><\/div>\n<\/div><\/section>\n\n\n\n<div style=\"height:30px\" aria-hidden=\"true\" class=\"wp-block-spacer\"><\/div>\n\n\n\n<section class=\"wp-block-uagb-columns uagb-columns__wrap uagb-columns__background-color uagb-columns__stack-mobile uagb-columns__valign-undefined uagb-columns__gap-0 alignundefined uagb-block-f95b10d7\"><div class=\"uagb-columns__overlay\"><\/div><div class=\"uagb-columns__inner-wrap uagb-columns__columns-2\">\n<div class=\"wp-block-uagb-column uagb-column__wrap uagb-column__background-undefined uagb-block-1782eecd\"><div class=\"uagb-column__overlay\"><\/div><div class=\"uagb-column__inner-wrap\">\n<h2 class=\"wp-block-heading\" id=\"zu-fuss\">&#8230;am Wasser! <\/h2>\n\n\n\n<div class=\"wp-block-image uag-hide-mob\"><figure class=\"alignleft size-full is-resized\"><img loading=\"lazy\" decoding=\"async\" src=\"https:\/\/fewo-seeblick-allgaeu.de\/wp-content\/uploads\/2022\/01\/icon_schwimmen_schwarz_auf_weiss_250px.png\" alt=\"\" class=\"wp-image-406\" width=\"100\" height=\"100\" srcset=\"https:\/\/fewo-seeblick-allgaeu.de\/wp-content\/uploads\/2022\/01\/icon_schwimmen_schwarz_auf_weiss_250px.png 250w, https:\/\/fewo-seeblick-allgaeu.de\/wp-content\/uploads\/2022\/01\/icon_schwimmen_schwarz_auf_weiss_250px-150x150.png 150w\" sizes=\"auto, (max-width: 100px) 100vw, 100px\" \/><\/figure><\/div>\n<\/div><\/div>\n\n\n\n<div class=\"wp-block-uagb-column uagb-column__wrap uagb-column__background-undefined uagb-block-5fe6981d\"><div class=\"uagb-column__overlay\"><\/div><div class=\"uagb-column__inner-wrap\">\n<p>In ca. 5 -10 Geh-Minuten&nbsp;erreichen Sie den Niedersonthofenersee. Ein Badeplatz l\u00e4dt ein zum Sonnen, Baden und Relaxen jeder wie er will! Ein Beachvolleyballplatz und ein kleiner Kiosk mit (Sch)leckereien runden den Sommertag am See ab.<\/p>\n\n\n\n<p>Es gibt auch die M\u00f6glichkeit zu Angeln oder ein Boot zu mieten und so den \u201eSee\u201c zu genie\u00dfen!<\/p>\n\n\n\n<figure class=\"wp-block-gallery has-nested-images columns-3 is-cropped wp-block-gallery-2 is-layout-flex wp-block-gallery-is-layout-flex\">\n<figure class=\"wp-block-image size-large\"><img loading=\"lazy\" decoding=\"async\" width=\"1024\" height=\"576\" src=\"https:\/\/fewo-seeblick-allgaeu.de\/wp-content\/uploads\/2022\/01\/20160728_081019-1-1024x576.jpg\" alt=\"\" class=\"wp-image-377\" srcset=\"https:\/\/fewo-seeblick-allgaeu.de\/wp-content\/uploads\/2022\/01\/20160728_081019-1-1024x576.jpg 1024w, https:\/\/fewo-seeblick-allgaeu.de\/wp-content\/uploads\/2022\/01\/20160728_081019-1-300x169.jpg 300w, https:\/\/fewo-seeblick-allgaeu.de\/wp-content\/uploads\/2022\/01\/20160728_081019-1-768x432.jpg 768w, https:\/\/fewo-seeblick-allgaeu.de\/wp-content\/uploads\/2022\/01\/20160728_081019-1-1536x864.jpg 1536w, https:\/\/fewo-seeblick-allgaeu.de\/wp-content\/uploads\/2022\/01\/20160728_081019-1-2048x1152.jpg 2048w\" sizes=\"auto, (max-width: 1024px) 100vw, 1024px\" \/><\/figure>\n\n\n\n<figure class=\"wp-block-image size-large\"><img loading=\"lazy\" decoding=\"async\" width=\"1024\" height=\"768\" src=\"https:\/\/fewo-seeblick-allgaeu.de\/wp-content\/uploads\/2022\/01\/Beachvollyballplatz-Niso-1024x768.jpg\" alt=\"\" class=\"wp-image-409\" srcset=\"https:\/\/fewo-seeblick-allgaeu.de\/wp-content\/uploads\/2022\/01\/Beachvollyballplatz-Niso-1024x768.jpg 1024w, https:\/\/fewo-seeblick-allgaeu.de\/wp-content\/uploads\/2022\/01\/Beachvollyballplatz-Niso-300x225.jpg 300w, https:\/\/fewo-seeblick-allgaeu.de\/wp-content\/uploads\/2022\/01\/Beachvollyballplatz-Niso-768x576.jpg 768w, https:\/\/fewo-seeblick-allgaeu.de\/wp-content\/uploads\/2022\/01\/Beachvollyballplatz-Niso-1536x1152.jpg 1536w, https:\/\/fewo-seeblick-allgaeu.de\/wp-content\/uploads\/2022\/01\/Beachvollyballplatz-Niso.jpg 1600w\" sizes=\"auto, (max-width: 1024px) 100vw, 1024px\" \/><\/figure>\n\n\n\n<figure class=\"wp-block-image size-medium\"><img loading=\"lazy\" decoding=\"async\" width=\"1497\" height=\"1203\" src=\"https:\/\/fewo-seeblick-allgaeu.de\/wp-content\/uploads\/2022\/01\/Niso1-scaled-e1642885395716.jpg\" alt=\"\" class=\"wp-image-376\" srcset=\"https:\/\/fewo-seeblick-allgaeu.de\/wp-content\/uploads\/2022\/01\/Niso1-scaled-e1642885395716.jpg 1497w, https:\/\/fewo-seeblick-allgaeu.de\/wp-content\/uploads\/2022\/01\/Niso1-scaled-e1642885395716-300x241.jpg 300w, https:\/\/fewo-seeblick-allgaeu.de\/wp-content\/uploads\/2022\/01\/Niso1-scaled-e1642885395716-1024x823.jpg 1024w, https:\/\/fewo-seeblick-allgaeu.de\/wp-content\/uploads\/2022\/01\/Niso1-scaled-e1642885395716-768x617.jpg 768w\" sizes=\"auto, (max-width: 1497px) 100vw, 1497px\" \/><\/figure>\n<\/figure>\n<\/div><\/div>\n<\/div><\/section>\n\n\n\n<div style=\"height:30px\" aria-hidden=\"true\" class=\"wp-block-spacer\"><\/div>\n\n\n\n<section class=\"wp-block-uagb-columns uagb-columns__wrap uagb-columns__background-color uagb-columns__stack-mobile uagb-columns__valign-undefined uagb-columns__gap-0 alignundefined uagb-block-a982aa20\"><div class=\"uagb-columns__overlay\"><\/div><div class=\"uagb-columns__inner-wrap uagb-columns__columns-2\">\n<div class=\"wp-block-uagb-column uagb-column__wrap uagb-column__background-undefined uagb-block-816e1110\"><div class=\"uagb-column__overlay\"><\/div><div class=\"uagb-column__inner-wrap\">\n<h2 class=\"wp-block-heading\" id=\"zu-fuss\">&#8230;mit dem Rad!<\/h2>\n\n\n\n<div class=\"wp-block-image uag-hide-mob\"><figure class=\"alignleft size-full is-resized\"><img loading=\"lazy\" decoding=\"async\" src=\"https:\/\/fewo-seeblick-allgaeu.de\/wp-content\/uploads\/2022\/01\/icon_radfahren_schwarz_auf_weiss_250px.png\" alt=\"\" class=\"wp-image-403\" width=\"100\" height=\"100\" srcset=\"https:\/\/fewo-seeblick-allgaeu.de\/wp-content\/uploads\/2022\/01\/icon_radfahren_schwarz_auf_weiss_250px.png 250w, https:\/\/fewo-seeblick-allgaeu.de\/wp-content\/uploads\/2022\/01\/icon_radfahren_schwarz_auf_weiss_250px-150x150.png 150w\" sizes=\"auto, (max-width: 100px) 100vw, 100px\" \/><\/figure><\/div>\n<\/div><\/div>\n\n\n\n<div class=\"wp-block-uagb-column uagb-column__wrap uagb-column__background-undefined uagb-block-7be90054\"><div class=\"uagb-column__overlay\"><\/div><div class=\"uagb-column__inner-wrap\">\n<p>Egal ob Rennrad, Mountainbike oder Tourenrad hier ist f\u00fcr jeden was geboten. Hier z\u00e4hlt der Naturgenu\u00df und die Freude am Radeln! Auch E- Bikes erfreuen sich gro\u00dfer Beliebtheit und Radkarten bzw. auch Wanderkarten&nbsp;sind in unserer Tourismusinfo erh\u00e4ltlich.&nbsp;<\/p>\n\n\n\n<p>Ein gro\u00dfes Rad und Wandernetz steht ihnen zur Verf\u00fcgung, nicht zu vergessen den Einkehrschwung! Ob in kleinen H\u00fctten oder traditionellen Gasth\u00f6fen, die Allg\u00e4uerk\u00fcche muss probiert werden.<\/p>\n\n\n\n<figure class=\"wp-block-gallery has-nested-images columns-3 is-cropped wp-block-gallery-3 is-layout-flex wp-block-gallery-is-layout-flex\">\n<figure class=\"wp-block-image size-medium\"><img loading=\"lazy\" decoding=\"async\" width=\"1024\" height=\"682\" src=\"https:\/\/fewo-seeblick-allgaeu.de\/wp-content\/uploads\/2022\/01\/imDorf7-1024x682.jpg\" alt=\"\" class=\"wp-image-380\" srcset=\"https:\/\/fewo-seeblick-allgaeu.de\/wp-content\/uploads\/2022\/01\/imDorf7-1024x682.jpg 1024w, https:\/\/fewo-seeblick-allgaeu.de\/wp-content\/uploads\/2022\/01\/imDorf7-300x200.jpg 300w, https:\/\/fewo-seeblick-allgaeu.de\/wp-content\/uploads\/2022\/01\/imDorf7-768x511.jpg 768w, https:\/\/fewo-seeblick-allgaeu.de\/wp-content\/uploads\/2022\/01\/imDorf7-1536x1022.jpg 1536w, https:\/\/fewo-seeblick-allgaeu.de\/wp-content\/uploads\/2022\/01\/imDorf7-2048x1363.jpg 2048w, https:\/\/fewo-seeblick-allgaeu.de\/wp-content\/uploads\/2022\/01\/imDorf7-930x620.jpg 930w\" sizes=\"auto, (max-width: 1024px) 100vw, 1024px\" \/><\/figure>\n\n\n\n<figure class=\"wp-block-image size-medium\"><img loading=\"lazy\" decoding=\"async\" width=\"720\" height=\"540\" src=\"https:\/\/fewo-seeblick-allgaeu.de\/wp-content\/uploads\/2022\/01\/Brotzeit.jpg\" alt=\"\" class=\"wp-image-411\" srcset=\"https:\/\/fewo-seeblick-allgaeu.de\/wp-content\/uploads\/2022\/01\/Brotzeit.jpg 720w, https:\/\/fewo-seeblick-allgaeu.de\/wp-content\/uploads\/2022\/01\/Brotzeit-300x225.jpg 300w\" sizes=\"auto, (max-width: 720px) 100vw, 720px\" \/><\/figure>\n\n\n\n<figure class=\"wp-block-image size-medium\"><img loading=\"lazy\" decoding=\"async\" width=\"1024\" height=\"768\" src=\"https:\/\/fewo-seeblick-allgaeu.de\/wp-content\/uploads\/2022\/01\/SSV-Radtour-April-2010-46-1-1024x768.jpg\" alt=\"\" class=\"wp-image-379\" srcset=\"https:\/\/fewo-seeblick-allgaeu.de\/wp-content\/uploads\/2022\/01\/SSV-Radtour-April-2010-46-1-1024x768.jpg 1024w, https:\/\/fewo-seeblick-allgaeu.de\/wp-content\/uploads\/2022\/01\/SSV-Radtour-April-2010-46-1-300x225.jpg 300w, https:\/\/fewo-seeblick-allgaeu.de\/wp-content\/uploads\/2022\/01\/SSV-Radtour-April-2010-46-1-768x576.jpg 768w, https:\/\/fewo-seeblick-allgaeu.de\/wp-content\/uploads\/2022\/01\/SSV-Radtour-April-2010-46-1-1536x1152.jpg 1536w, https:\/\/fewo-seeblick-allgaeu.de\/wp-content\/uploads\/2022\/01\/SSV-Radtour-April-2010-46-1-2048x1536.jpg 2048w\" sizes=\"auto, (max-width: 1024px) 100vw, 1024px\" \/><\/figure>\n<\/figure>\n<\/div><\/div>\n<\/div><\/section>\n\n\n\n<div style=\"height:30px\" aria-hidden=\"true\" class=\"wp-block-spacer\"><\/div>\n\n\n\n<section class=\"wp-block-uagb-columns uagb-columns__wrap uagb-columns__background-color uagb-columns__stack-mobile uagb-columns__valign-undefined uagb-columns__gap-0 alignundefined uagb-block-dc55b130\"><div class=\"uagb-columns__overlay\"><\/div><div class=\"uagb-columns__inner-wrap uagb-columns__columns-2\">\n<div class=\"wp-block-uagb-column uagb-column__wrap uagb-column__background-undefined uagb-block-0e7fd056\"><div class=\"uagb-column__overlay\"><\/div><div class=\"uagb-column__inner-wrap\">\n<h3 class=\"wp-block-heading\" id=\"zu-fuss\">&#8230;im Winter!<\/h3>\n\n\n\n<div class=\"wp-block-image uag-hide-mob\"><figure class=\"alignleft size-full is-resized\"><img loading=\"lazy\" decoding=\"async\" src=\"https:\/\/fewo-seeblick-allgaeu.de\/wp-content\/uploads\/2022\/01\/icon_ski_alpin_schwarz_auf_weiss_250px.png\" alt=\"\" class=\"wp-image-407\" width=\"100\" height=\"100\" srcset=\"https:\/\/fewo-seeblick-allgaeu.de\/wp-content\/uploads\/2022\/01\/icon_ski_alpin_schwarz_auf_weiss_250px.png 250w, https:\/\/fewo-seeblick-allgaeu.de\/wp-content\/uploads\/2022\/01\/icon_ski_alpin_schwarz_auf_weiss_250px-150x150.png 150w\" sizes=\"auto, (max-width: 100px) 100vw, 100px\" \/><\/figure><\/div>\n<\/div><\/div>\n\n\n\n<div class=\"wp-block-uagb-column uagb-column__wrap uagb-column__background-undefined uagb-block-0f213b5b\"><div class=\"uagb-column__overlay\"><\/div><div class=\"uagb-column__inner-wrap\">\n<p>In n\u00e4chster N\u00e4he (Missen, Wiederhofen) gibt es Skilifte f\u00fcr Anf\u00e4nger und Fortgeschrittene. Dort k\u00f6nnen Sie auch eine Skiausr\u00fcstung ausleihen und einen Skikurs besuchen.<\/p>\n\n\n\n<p>Wenn sie es rasanter m\u00f6gen kommen Sie in den Skigebieten wie Ofterschwang, Bolsterlang, Grasgehren, Balderschwang und Fell bzw. Nebelhorn auf ihre Kosten! Alle diese Skigebiete erreichen Sie in ca. 20 \u2013 30 Minuten.<\/p>\n\n\n\n<p>Vor Ort k\u00f6nnen Sie in herrlicher Landschaft&nbsp;Spazierg\u00e4nge auf unseren Winterwanderwegen genie\u00dfen, machen auf Langlaufskiern eine Tour oder begeben sich auf eine Schneeschuhwanderung. Nicht zu vergessen unsere 2 km lange Naturrodelbahn die von Rieggis nach Niedersonthofen f\u00fchrt. Ein Erlebnis der besonderen Art ist es wenn der See zugeforen ist, dann k\u00f6nnen Sie Schlittschuhlaufen, Eisstockschie\u00dfen oder den See zu Fu\u00df \u00fcberqueren. <\/p>\n\n\n\n<p>Oder einfach nur einen Schneemann bauen und &nbsp;bei uns am Haus den Berg auf dem Rodel hinuntersausen! Rodel und Bobs stehen Ihnen kostenlos zur Verf\u00fcgung!<\/p>\n\n\n\n<figure class=\"wp-block-gallery has-nested-images columns-3 is-cropped wp-block-gallery-4 is-layout-flex wp-block-gallery-is-layout-flex\">\n<figure class=\"wp-block-image size-medium\"><img loading=\"lazy\" decoding=\"async\" width=\"768\" height=\"1024\" src=\"https:\/\/fewo-seeblick-allgaeu.de\/wp-content\/uploads\/2022\/01\/20200106_131750-768x1024.jpg\" alt=\"\" class=\"wp-image-383\" srcset=\"https:\/\/fewo-seeblick-allgaeu.de\/wp-content\/uploads\/2022\/01\/20200106_131750-768x1024.jpg 768w, https:\/\/fewo-seeblick-allgaeu.de\/wp-content\/uploads\/2022\/01\/20200106_131750-225x300.jpg 225w, https:\/\/fewo-seeblick-allgaeu.de\/wp-content\/uploads\/2022\/01\/20200106_131750-1152x1536.jpg 1152w, https:\/\/fewo-seeblick-allgaeu.de\/wp-content\/uploads\/2022\/01\/20200106_131750-1536x2048.jpg 1536w, https:\/\/fewo-seeblick-allgaeu.de\/wp-content\/uploads\/2022\/01\/20200106_131750-scaled.jpg 1920w\" sizes=\"auto, (max-width: 768px) 100vw, 768px\" \/><\/figure>\n\n\n\n<figure class=\"wp-block-image size-medium\"><img loading=\"lazy\" decoding=\"async\" width=\"1024\" height=\"768\" src=\"https:\/\/fewo-seeblick-allgaeu.de\/wp-content\/uploads\/2022\/01\/20200927_122200-1024x768.jpg\" alt=\"\" class=\"wp-image-382\" srcset=\"https:\/\/fewo-seeblick-allgaeu.de\/wp-content\/uploads\/2022\/01\/20200927_122200-1024x768.jpg 1024w, https:\/\/fewo-seeblick-allgaeu.de\/wp-content\/uploads\/2022\/01\/20200927_122200-300x225.jpg 300w, https:\/\/fewo-seeblick-allgaeu.de\/wp-content\/uploads\/2022\/01\/20200927_122200-768x576.jpg 768w, https:\/\/fewo-seeblick-allgaeu.de\/wp-content\/uploads\/2022\/01\/20200927_122200-1536x1152.jpg 1536w, https:\/\/fewo-seeblick-allgaeu.de\/wp-content\/uploads\/2022\/01\/20200927_122200-2048x1536.jpg 2048w\" sizes=\"auto, (max-width: 1024px) 100vw, 1024px\" \/><\/figure>\n\n\n\n<figure class=\"wp-block-image size-medium\"><img loading=\"lazy\" decoding=\"async\" width=\"744\" height=\"900\" src=\"https:\/\/fewo-seeblick-allgaeu.de\/wp-content\/uploads\/2022\/01\/IMG-20190205-WA0008-e1642810590524.jpg\" alt=\"\" class=\"wp-image-381\" srcset=\"https:\/\/fewo-seeblick-allgaeu.de\/wp-content\/uploads\/2022\/01\/IMG-20190205-WA0008-e1642810590524.jpg 744w, https:\/\/fewo-seeblick-allgaeu.de\/wp-content\/uploads\/2022\/01\/IMG-20190205-WA0008-e1642810590524-248x300.jpg 248w\" sizes=\"auto, (max-width: 744px) 100vw, 744px\" \/><\/figure>\n<\/figure>\n<\/div><\/div>\n<\/div><\/section>\n\n\n\n<div style=\"height:30px\" aria-hidden=\"true\" class=\"wp-block-spacer\"><\/div>\n\n\n\n<h3 class=\"has-text-align-center wp-block-heading\" id=\"weitere-freizeitangebote-im-detail-finden-sie-bei-links\">Weitere Freizeitangebote im Detail finden Sie bei <a href=\"http:\/\/fewo-seeblick-allgaeu.de\/links\/\" data-type=\"page\" data-id=\"26\">Links<\/a>!<\/h3>\n","protected":false},"excerpt":{"rendered":"<p>Freizeitangebote, keine Langeweile&#8230; &#8230;zu Fu\u00df! Eine Vielzahl von Wanderwegen beginnen direkt vor der Haust\u00fcr. Besuchen Sie unseren Stoffelberg, den Hauchenberg oder den Niedersonthofener Wasserfall, der idyllisch im Wald liegt. Unternehmen Sie einen Spaziergang&nbsp;um den Niedersonthofenersee, der sich auf einer Strecke von 8 km auf einem Kiesweg umrunden l\u00e4sst oder erkunden Sie das \u201eWerdensteiner Moos\u201c mit&hellip;&nbsp;<a href=\"https:\/\/fewo-seeblick-allgaeu.de\/STRATO-apps\/wordpress_02\/app\/freizeit\/\" rel=\"bookmark\">Weiterlesen &raquo;<span class=\"screen-reader-text\">Freizeit<\/span><\/a><\/p>\n","protected":false},"author":1,"featured_media":0,"parent":0,"menu_order":0,"comment_status":"closed","ping_status":"closed","template":"","meta":{"_uag_custom_page_level_css":"","neve_meta_sidebar":"full-width","neve_meta_container":"default","neve_meta_enable_content_width":"off","neve_meta_content_width":70,"neve_meta_title_alignment":"center","neve_meta_author_avatar":"","neve_post_elements_order":"","neve_meta_disable_header":"","neve_meta_disable_footer":"","neve_meta_disable_title":"","footnotes":""},"class_list":["post-88","page","type-page","status-publish","hentry"],"uagb_featured_image_src":{"full":false,"thumbnail":false,"medium":false,"medium_large":false,"large":false,"1536x1536":false,"2048x2048":false,"neve-blog":false},"uagb_author_info":{"display_name":"admin","author_link":"https:\/\/fewo-seeblick-allgaeu.de\/STRATO-apps\/wordpress_02\/app\/author\/admin\/"},"uagb_comment_info":0,"uagb_excerpt":"Freizeitangebote, keine Langeweile&#8230; &#8230;zu Fu\u00df! Eine Vielzahl von Wanderwegen beginnen direkt vor der Haust\u00fcr. Besuchen Sie unseren Stoffelberg, den Hauchenberg oder den Niedersonthofener Wasserfall, der idyllisch im Wald liegt. Unternehmen Sie einen Spaziergang&nbsp;um den Niedersonthofenersee, der sich auf einer Strecke von 8 km auf einem Kiesweg umrunden l\u00e4sst oder erkunden Sie das \u201eWerdensteiner Moos\u201c mit&hellip;&nbsp;Weiterlesen&hellip;","_links":{"self":[{"href":"https:\/\/fewo-seeblick-allgaeu.de\/STRATO-apps\/wordpress_02\/app\/wp-json\/wp\/v2\/pages\/88","targetHints":{"allow":["GET"]}}],"collection":[{"href":"https:\/\/fewo-seeblick-allgaeu.de\/STRATO-apps\/wordpress_02\/app\/wp-json\/wp\/v2\/pages"}],"about":[{"href":"https:\/\/fewo-seeblick-allgaeu.de\/STRATO-apps\/wordpress_02\/app\/wp-json\/wp\/v2\/types\/page"}],"author":[{"embeddable":true,"href":"https:\/\/fewo-seeblick-allgaeu.de\/STRATO-apps\/wordpress_02\/app\/wp-json\/wp\/v2\/users\/1"}],"replies":[{"embeddable":true,"href":"https:\/\/fewo-seeblick-allgaeu.de\/STRATO-apps\/wordpress_02\/app\/wp-json\/wp\/v2\/comments?post=88"}],"version-history":[{"count":27,"href":"https:\/\/fewo-seeblick-allgaeu.de\/STRATO-apps\/wordpress_02\/app\/wp-json\/wp\/v2\/pages\/88\/revisions"}],"predecessor-version":[{"id":421,"href":"https:\/\/fewo-seeblick-allgaeu.de\/STRATO-apps\/wordpress_02\/app\/wp-json\/wp\/v2\/pages\/88\/revisions\/421"}],"wp:attachment":[{"href":"https:\/\/fewo-seeblick-allgaeu.de\/STRATO-apps\/wordpress_02\/app\/wp-json\/wp\/v2\/media?parent=88"}],"curies":[{"name":"wp","href":"https:\/\/api.w.org\/{rel}","templated":true}]}}