{"id":85,"date":"2021-11-13T23:52:24","date_gmt":"2021-11-13T23:52:24","guid":{"rendered":"http:\/\/fewo-seeblick-allgaeu.de\/?page_id=85"},"modified":"2025-03-28T08:26:48","modified_gmt":"2025-03-28T07:26:48","slug":"ferienwohnungen","status":"publish","type":"page","link":"https:\/\/fewo-seeblick-allgaeu.de\/STRATO-apps\/wordpress_02\/app\/ferienwohnungen\/","title":{"rendered":"Ferienwohnungen"},"content":{"rendered":"\n<div class=\"wp-block-uagb-advanced-heading uagb-block-0d74266c uagb-heading-text\"><h1 class=\"uagb-heading-text\"><h1 class=\"uagb-heading-text\"><\/h1><h1 class=\"uagb-heading-text\"><\/h1><h1 class=\"uagb-heading-text\"><\/h1><h1 class=\"uagb-heading-text\"><\/h1><h1 class=\"uagb-heading-text\"><\/h1><h1 class=\"uagb-heading-text\"><\/h1><h1 class=\"uagb-heading-text\"><\/h1><h1 class=\"uagb-heading-text\"><\/h1><h1 class=\"uagb-heading-text\"><\/h1><h1 class=\"uagb-heading-text\"><br>Ferienwohnungen<\/h1><\/h1><div class=\"uagb-separator\"><\/div><\/div>\n\n\n\n<p class=\"has-text-align-center\">W<strong>ir haben f\u00fcr Sie zwei Ferienwohnungen im Angebot. Jede der Wohnungen bietet Ihnen zwei getrennte Schlafr\u00e4ume, eine moderne Wohnk\u00fcche, ein gro\u00dfz\u00fcges Bad mit Dusche und WC und einen Balkon mit Sitzgelegenheit.<\/strong><\/p>\n\n\n\n<section class=\"wp-block-uagb-columns uagb-columns__wrap uagb-columns__background-color uagb-columns__stack-mobile uagb-columns__valign- uagb-columns__gap-0 align uagb-block-a0324e07 uagb-columns__columns-1 uagb-columns__max_width-theme\"><div class=\"uagb-columns__overlay\"><\/div><div class=\"uagb-columns__inner-wrap uagb-columns__columns-1\">\n<div class=\"wp-block-uagb-column uagb-column__wrap uagb-column__background-undefined uagb-block-5b949594\"><div class=\"uagb-column__overlay\"><\/div>\n<h3 class=\"wp-block-heading has-text-align-center\" id=\"die-ausstattung-jeder-ferienwohnung-beinhaltet\">Die Ausstattung jeder Ferienwohnung beinhaltet:<\/h3>\n\n\n\n<p><strong><em>In der K\u00fcche<\/em>:<\/strong> Mikrowelle, Toaster, Wasserkocher, Kaffeemaschine, Geschirr, Kochutensilien und Besteck. Au\u00dferdem steht ihnen eine Sp\u00fclmaschine, eine K\u00fchlgefrierkombination und ein 2 Platten Ceranfeld zur Verf\u00fcgung. <strong><em>Im Wohnbereich:<\/em><\/strong> gem\u00fctliche Ledercouch, Flachbild TV und CD-Player. <strong><em>Im Bad<\/em>:<\/strong> F\u00f6hn, Kosmetikartikel und Handt\u00fccher.<\/p>\n<\/div>\n<\/div><\/section>\n\n\n\n<div style=\"height:30px\" aria-hidden=\"true\" class=\"wp-block-spacer\"><\/div>\n\n\n\n<section class=\"wp-block-uagb-columns uagb-columns__wrap uagb-columns__background-color uagb-columns__stack-mobile uagb-columns__valign- uagb-columns__gap-0 align uagb-block-3ccc2dd6 uagb-columns__columns-1 uagb-columns__max_width-theme\"><div class=\"uagb-columns__overlay\"><\/div><div class=\"uagb-columns__inner-wrap uagb-columns__columns-1\">\n<div class=\"wp-block-uagb-column uagb-column__wrap uagb-column__background-undefined uagb-block-6b4acc77\"><div class=\"uagb-column__overlay\"><\/div>\n<div class=\"wp-block-media-text alignwide is-stacked-on-mobile is-image-fill-element\"><figure class=\"wp-block-media-text__media\"><img loading=\"lazy\" decoding=\"async\" width=\"1024\" height=\"576\" src=\"https:\/\/fewo-seeblick-allgaeu.de\/wp-content\/uploads\/2022\/01\/DJI_0252-1024x576.jpg\" alt=\"\" class=\"wp-image-554 size-full\" style=\"object-position:48% 50%\" srcset=\"https:\/\/fewo-seeblick-allgaeu.de\/wp-content\/uploads\/2022\/01\/DJI_0252-1024x576.jpg 1024w, https:\/\/fewo-seeblick-allgaeu.de\/wp-content\/uploads\/2022\/01\/DJI_0252-300x169.jpg 300w, https:\/\/fewo-seeblick-allgaeu.de\/wp-content\/uploads\/2022\/01\/DJI_0252-768x432.jpg 768w, https:\/\/fewo-seeblick-allgaeu.de\/wp-content\/uploads\/2022\/01\/DJI_0252-1536x864.jpg 1536w, https:\/\/fewo-seeblick-allgaeu.de\/wp-content\/uploads\/2022\/01\/DJI_0252-2048x1152.jpg 2048w\" sizes=\"auto, (max-width: 1024px) 100vw, 1024px\" \/><\/figure><div class=\"wp-block-media-text__content\">\n<h3 class=\"wp-block-heading\" id=\"inklusive\">Inklusive:<\/h3>\n\n\n\n<ul class=\"wp-block-list\">\n<li>Bettw\u00e4sche, Handt\u00fccher und Geschirrt\u00fccher<br>(wird 1x gestellt \u2013 Wechsel gegen Geb\u00fchr)<\/li>\n\n\n\n<li>kostenlose LAN\/WLAN-Internetbenutzung<\/li>\n\n\n\n<li>Telefon f\u00fcr Festnetzverbindungen<\/li>\n\n\n\n<li>Kinderbett mit Bettw\u00e4sche + Hochstuhl auf Anfrage<\/li>\n<\/ul>\n<\/div><\/div>\n<\/div>\n<\/div><\/section>\n\n\n\n<section class=\"wp-block-uagb-columns uagb-columns__wrap uagb-columns__background-color uagb-columns__stack-mobile uagb-columns__valign- uagb-columns__gap-0 align uagb-block-b11b28e8 uagb-columns__columns-1 uagb-columns__max_width-theme\"><div class=\"uagb-columns__overlay\"><\/div><div class=\"uagb-columns__inner-wrap uagb-columns__columns-1\">\n<div class=\"wp-block-uagb-column uagb-column__wrap uagb-column__background-undefined uagb-block-6ac9b0a6\"><div class=\"uagb-column__overlay\"><\/div>\n<p>Ein kleiner Spielplatz mit Sandkasten, Rutsche,Wipptier und Schaukel l\u00e4dt zum Spielen ein und gleich nebenan besteht die M\u00f6glichkeit zu Grillen. Gro\u00dfer Parkplatz am Haus, Fahrr\u00e4der oder Ski k\u00f6nnen untergestellt werden. Haustiere k\u00f6nnen leider nicht mitgebracht werden.<\/p>\n<\/div>\n<\/div><\/section>\n\n\n\n<div style=\"height:30px\" aria-hidden=\"true\" class=\"wp-block-spacer\"><\/div>\n\n\n\n<div class=\"wp-block-columns is-layout-flex wp-container-core-columns-is-layout-1 wp-block-columns-is-layout-flex\">\n<div class=\"wp-block-column is-layout-flow wp-block-column-is-layout-flow\" style=\"flex-basis:100%\">\n<section class=\"wp-block-uagb-columns uagb-columns__wrap uagb-columns__background-color uagb-columns__stack-mobile uagb-columns__valign- uagb-columns__gap-10 align uagb-block-99b463cf uagb-columns__columns-3 uagb-columns__max_width-theme\"><div class=\"uagb-columns__overlay\"><\/div><div class=\"uagb-columns__inner-wrap uagb-columns__columns-3\">\n<div class=\"wp-block-uagb-column uagb-column__wrap uagb-column__background-color uagb-block-8e3346e4\"><div class=\"uagb-column__overlay\"><\/div>\n<div class=\"wp-block-uagb-advanced-heading uagb-block-16523485\"><h3 class=\"uagb-heading-text\">Ferienwohnung Stoffelberg<\/h3><div class=\"uagb-separator\"><\/div><p class=\"uagb-desc-text\">2 \u2013 4 Personen<br><strong>70,00 \u2013 90,00 \u20ac<\/strong><\/p><\/div>\n<\/div>\n\n\n\n<div class=\"wp-block-uagb-column uagb-column__wrap uagb-column__background-undefined uagb-block-7a70d081\"><div class=\"uagb-column__overlay\"><\/div><\/div>\n\n\n\n<div class=\"wp-block-uagb-column uagb-column__wrap uagb-column__background-color uagb-block-4122a651\"><div class=\"uagb-column__overlay\"><\/div>\n<div class=\"wp-block-uagb-advanced-heading uagb-block-ccaa75a6\"><h3 class=\"uagb-heading-text\">Ferienwohnung Gr\u00fcnten<\/h3><div class=\"uagb-separator\"><\/div><p class=\"uagb-desc-text\">2 \u2013 6 Personen<br><strong>70,00 \u2013 115,00 \u20ac<\/strong><\/p><\/div>\n<\/div>\n<\/div><\/section>\n<\/div>\n<\/div>\n\n\n\n<section class=\"wp-block-uagb-columns uagb-columns__wrap uagb-columns__background-color uagb-columns__stack-mobile uagb-columns__valign- uagb-columns__gap-0 align uagb-block-4021ede6 uagb-columns__columns-1 uagb-columns__max_width-theme\"><div class=\"uagb-columns__overlay\"><\/div><div class=\"uagb-columns__inner-wrap uagb-columns__columns-1\">\n<div class=\"wp-block-uagb-column uagb-column__wrap uagb-column__background-undefined uagb-block-c8b46cb2\"><div class=\"uagb-column__overlay\"><\/div>\n<p><strong>Die Preise verstehen sich je Wohnung pro \u00dcbernachtung<\/strong>, zuz\u00fcglich Kurbeitrag von 2,50 \u20ac pro Person\/Tag ab dem 16. Lebensjahr, Kinder von 6 &#8211; 15 Jahre 1,25 \u20ac und unter 6 Jahre frei. Im Preis enthalten ist die Endreinigung, Bettw\u00e4sche, Handt\u00fccher und Geschirrt\u00fccher. Betten f\u00fcr Kleinkinder und Hochst\u00fchle sind vorhanden.<\/p>\n\n\n\n<div class=\"wp-block-columns is-layout-flex wp-container-core-columns-is-layout-2 wp-block-columns-is-layout-flex\">\n<div class=\"wp-block-column is-layout-flow wp-block-column-is-layout-flow\" style=\"flex-basis:90%\">\n<p>Bei Buchung erhalten Sie von uns den Allg\u00e4u-Walser-Pass, die gratis G\u00e4stekarte mit vielen Vorteilen und Erm\u00e4\u00dfigungen im Oberallg\u00e4u (Infos hierzu: <a href=\"http:\/\/www.awpass.de\" target=\"_blank\" rel=\"noreferrer noopener\">www.awpass.de<\/a>). Zus\u00e4tzlich bekommen Sie noch den MobilPass-Allg\u00e4u mit diversen Angeboten (Infos unter: <a href=\"https:\/\/www.mobilpass-allgaeu.de\/\" target=\"_blank\" rel=\"noreferrer noopener\">www.mobilpass-allgaeu.de<\/a>).<\/p>\n<\/div>\n\n\n\n<div class=\"wp-block-column is-vertically-aligned-top table td {  vertical-align: middle; } is-layout-flow wp-block-column-is-layout-flow\"><div class=\"wp-block-image\">\n<figure class=\"aligncenter size-large\"><img loading=\"lazy\" decoding=\"async\" width=\"1024\" height=\"1024\" src=\"https:\/\/fewo-seeblick-allgaeu.de\/wp-content\/uploads\/2025\/03\/Logo_MOBIL_PASS_-ALLGAEU-1024x1024.jpg\" alt=\"\" class=\"wp-image-675\" srcset=\"https:\/\/fewo-seeblick-allgaeu.de\/wp-content\/uploads\/2025\/03\/Logo_MOBIL_PASS_-ALLGAEU-1024x1024.jpg 1024w, https:\/\/fewo-seeblick-allgaeu.de\/wp-content\/uploads\/2025\/03\/Logo_MOBIL_PASS_-ALLGAEU-300x300.jpg 300w, https:\/\/fewo-seeblick-allgaeu.de\/wp-content\/uploads\/2025\/03\/Logo_MOBIL_PASS_-ALLGAEU-150x150.jpg 150w, https:\/\/fewo-seeblick-allgaeu.de\/wp-content\/uploads\/2025\/03\/Logo_MOBIL_PASS_-ALLGAEU-768x768.jpg 768w, https:\/\/fewo-seeblick-allgaeu.de\/wp-content\/uploads\/2025\/03\/Logo_MOBIL_PASS_-ALLGAEU-1536x1536.jpg 1536w, https:\/\/fewo-seeblick-allgaeu.de\/wp-content\/uploads\/2025\/03\/Logo_MOBIL_PASS_-ALLGAEU-2048x2048.jpg 2048w\" sizes=\"auto, (max-width: 1024px) 100vw, 1024px\" \/><\/figure><\/div><\/div>\n<\/div>\n\n\n\n<p id=\"stornierung-und-vorzeitige-abreise\"><strong>Stornierung und vorzeitige Abreise<\/strong><br>Im Falle einer Stornierung oder vorzeitiger Abreise wird die Ausfallzeit mit 90 % des Reisepreises berechnet, falls die Fewo nicht anderweitig vermietet werden kann.<\/p>\n\n\n\n<p><strong>An- und Abreisebedingungen<\/strong><br>Wir freuen uns auf Ihre Anreise ab 15.00 Uhr. Die Fewo steht Ihnen am Abreisetag bis 9.30 Uhr zur Verf\u00fcgung.<\/p>\n\n\n\n<p><strong>Zahlungskonditionen<\/strong><br>Aufgrund keiner negativen Erfahrungen brauchen Sie keine Anzahlung zut\u00e4tigen. Bitte begleichen Sie Ihre Rechnung in bar vor Ort oder per Onlinebanking bis zum Vortag Ihrer Abreise. Es ist keine Kartenzahlung m\u00f6glich. Sie k\u00f6nnen den Rechnungsbetrag kurz vor Reiseantritt nach Absprache auch vorab \u00fcberweisen.<\/p>\n\n\n\n<p><strong>Aufenthaltsdauer<\/strong><br>Allgemein ist eine Vermietung erst ab 4 \u00dcbernachtungen m\u00f6glich und es wird ein Kurzurlaubszuschlag in H\u00f6he von 10,00 \u20ac pro \u00dcbernachtung berechnet. In der Ferienzeit erfolgt die Vermietung nur wochenweise.<\/p>\n<\/div>\n<\/div><\/section>\n\n\n\n<div style=\"height:30px\" aria-hidden=\"true\" class=\"wp-block-spacer\"><\/div>\n\n\n\n<p id=\"weitere-infos-zu-den-einzelnen-ferienwohnung-finden-sie-durch-anklicken-der-jeweiligen-wohnung\">Durch anklicken der jeweiligen Ferienwohnung k\u00f6nnen Sie sich \u00fcber die jeweilige Wohnung informieren. Sie finden einen Buchungskalender mit der Auslastung, den Aufbau der Wohnung als Grundriss, eine detaillierte Ausstattungsauflistung und Bilder der Wohnung.<\/p>\n\n\n\n<div class=\"wp-block-columns is-layout-flex wp-container-core-columns-is-layout-3 wp-block-columns-is-layout-flex\">\n<div class=\"wp-block-column is-layout-flow wp-block-column-is-layout-flow\">\n<div class=\"wp-block-group\"><div class=\"wp-block-group__inner-container is-layout-flow wp-block-group-is-layout-flow\">\n<div class=\"wp-block-uagb-info-box uagb-block-8e86f354 uagb-infobox__content-wrap  uagb-infobox_cta-type-all uagb-infobox-icon-above-title uagb-infobox-image-valign-top\"><a href=\"https:\/\/fewo-seeblick-allgaeu.de\/STRATO-apps\/wordpress_02\/app\/ferienwohnungen\/fewo-stoffelberg\/\" class=\"uagb-infobox-link-wrap uagb-infbox__link-to-all\" target=\"_blank\" aria-label=\"Infobox Link\" rel=\"noopener noreferrer\" onclick=\"return true;\"><\/a><div class=\"uagb-ifb-content\"><div class=\"uagb-ifb-image-content\"><img decoding=\"async\" src=\"https:\/\/fewo-seeblick-allgaeu.de\/wp-content\/uploads\/2022\/01\/FeWo_Stoffelberg-300x300.jpg\" alt=\"\" width=\"230\" height=\"230\" loading=\"lazy\"\/><\/div><div class=\"uagb-ifb-title-wrap\"><h3 class=\"uagb-ifb-title\">Ferienwohnung<br>Stoffelberg<\/h3><\/div><div class=\"uagb-ifb-separator\"><\/div><div class=\"uagb-ifb-button-wrapper wp-block-button\"><\/div><\/div><\/div>\n<\/div><\/div>\n<\/div>\n\n\n\n<div class=\"wp-block-column is-layout-flow wp-block-column-is-layout-flow\">\n<div class=\"wp-block-group\"><div class=\"wp-block-group__inner-container is-layout-flow wp-block-group-is-layout-flow\">\n<div class=\"wp-block-uagb-info-box uagb-block-053cba03 uagb-infobox__content-wrap  uagb-infobox_cta-type-all uagb-infobox-icon-above-title uagb-infobox-image-valign-top\"><a href=\"https:\/\/fewo-seeblick-allgaeu.de\/STRATO-apps\/wordpress_02\/app\/ferienwohnungen\/fewo-gruenten\/\" class=\"uagb-infobox-link-wrap uagb-infbox__link-to-all\" target=\"_blank\" aria-label=\"Infobox Link\" rel=\"noopener noreferrer\" onclick=\"return true;\"><\/a><div class=\"uagb-ifb-content\"><div class=\"uagb-ifb-image-content\"><img decoding=\"async\" src=\"https:\/\/fewo-seeblick-allgaeu.de\/wp-content\/uploads\/2022\/01\/FeWo_Gruenten-300x300.jpg\" alt=\"\" width=\"230\" height=\"230\" loading=\"lazy\"\/><\/div><div class=\"uagb-ifb-title-wrap\"><h3 class=\"uagb-ifb-title\">Ferienwohnung<br>Gr\u00fcnten<\/h3><\/div><div class=\"uagb-ifb-separator\"><\/div><div class=\"uagb-ifb-button-wrapper wp-block-button\"><\/div><\/div><\/div>\n<\/div><\/div>\n<\/div>\n<\/div>\n\n\n\n<p><\/p>\n","protected":false},"excerpt":{"rendered":"<p>Ferienwohnungen Wir haben f\u00fcr Sie zwei Ferienwohnungen im Angebot. Jede der Wohnungen bietet Ihnen zwei getrennte Schlafr\u00e4ume, eine moderne Wohnk\u00fcche, ein gro\u00dfz\u00fcges Bad mit Dusche und WC und einen Balkon mit Sitzgelegenheit. Die Ausstattung jeder Ferienwohnung beinhaltet: In der K\u00fcche: Mikrowelle, Toaster, Wasserkocher, Kaffeemaschine, Geschirr, Kochutensilien und Besteck. Au\u00dferdem steht ihnen eine Sp\u00fclmaschine, eine K\u00fchlgefrierkombination&hellip;&nbsp;<a href=\"https:\/\/fewo-seeblick-allgaeu.de\/STRATO-apps\/wordpress_02\/app\/ferienwohnungen\/\" rel=\"bookmark\">Weiterlesen &raquo;<span class=\"screen-reader-text\">Ferienwohnungen<\/span><\/a><\/p>\n","protected":false},"author":1,"featured_media":0,"parent":0,"menu_order":0,"comment_status":"closed","ping_status":"closed","template":"","meta":{"_uag_custom_page_level_css":"","neve_meta_sidebar":"","neve_meta_container":"","neve_meta_enable_content_width":"","neve_meta_content_width":0,"neve_meta_title_alignment":"","neve_meta_author_avatar":"","neve_post_elements_order":"","neve_meta_disable_header":"","neve_meta_disable_footer":"off","neve_meta_disable_title":"","footnotes":""},"class_list":["post-85","page","type-page","status-publish","hentry"],"uagb_featured_image_src":{"full":false,"thumbnail":false,"medium":false,"medium_large":false,"large":false,"1536x1536":false,"2048x2048":false,"neve-blog":false},"uagb_author_info":{"display_name":"admin","author_link":"https:\/\/fewo-seeblick-allgaeu.de\/STRATO-apps\/wordpress_02\/app\/author\/admin\/"},"uagb_comment_info":0,"uagb_excerpt":"Ferienwohnungen Wir haben f\u00fcr Sie zwei Ferienwohnungen im Angebot. Jede der Wohnungen bietet Ihnen zwei getrennte Schlafr\u00e4ume, eine moderne Wohnk\u00fcche, ein gro\u00dfz\u00fcges Bad mit Dusche und WC und einen Balkon mit Sitzgelegenheit. Die Ausstattung jeder Ferienwohnung beinhaltet: In der K\u00fcche: Mikrowelle, Toaster, Wasserkocher, Kaffeemaschine, Geschirr, Kochutensilien und Besteck. Au\u00dferdem steht ihnen eine Sp\u00fclmaschine, eine K\u00fchlgefrierkombination&hellip;&nbsp;Weiterlesen&hellip;","_links":{"self":[{"href":"https:\/\/fewo-seeblick-allgaeu.de\/STRATO-apps\/wordpress_02\/app\/wp-json\/wp\/v2\/pages\/85","targetHints":{"allow":["GET"]}}],"collection":[{"href":"https:\/\/fewo-seeblick-allgaeu.de\/STRATO-apps\/wordpress_02\/app\/wp-json\/wp\/v2\/pages"}],"about":[{"href":"https:\/\/fewo-seeblick-allgaeu.de\/STRATO-apps\/wordpress_02\/app\/wp-json\/wp\/v2\/types\/page"}],"author":[{"embeddable":true,"href":"https:\/\/fewo-seeblick-allgaeu.de\/STRATO-apps\/wordpress_02\/app\/wp-json\/wp\/v2\/users\/1"}],"replies":[{"embeddable":true,"href":"https:\/\/fewo-seeblick-allgaeu.de\/STRATO-apps\/wordpress_02\/app\/wp-json\/wp\/v2\/comments?post=85"}],"version-history":[{"count":119,"href":"https:\/\/fewo-seeblick-allgaeu.de\/STRATO-apps\/wordpress_02\/app\/wp-json\/wp\/v2\/pages\/85\/revisions"}],"predecessor-version":[{"id":694,"href":"https:\/\/fewo-seeblick-allgaeu.de\/STRATO-apps\/wordpress_02\/app\/wp-json\/wp\/v2\/pages\/85\/revisions\/694"}],"wp:attachment":[{"href":"https:\/\/fewo-seeblick-allgaeu.de\/STRATO-apps\/wordpress_02\/app\/wp-json\/wp\/v2\/media?parent=85"}],"curies":[{"name":"wp","href":"https:\/\/api.w.org\/{rel}","templated":true}]}}