{"id":4,"date":"2021-11-13T20:04:15","date_gmt":"2021-11-13T20:04:15","guid":{"rendered":"http:\/\/fewo-seeblick-allgaeu.de\/willkommen-auf-http-fewo-seeblick-allgaeu-de\/"},"modified":"2022-01-21T19:31:38","modified_gmt":"2022-01-21T19:31:38","slug":"willkommen-auf-http-fewo-seeblick-allgaeu-de","status":"publish","type":"page","link":"https:\/\/fewo-seeblick-allgaeu.de\/STRATO-apps\/wordpress_02\/app\/","title":{"rendered":"Gria\u00df&#8217;di, herzlich willkommen!"},"content":{"rendered":"\n<div class=\"wp-block-columns is-layout-flex wp-container-core-columns-is-layout-1 wp-block-columns-is-layout-flex\">\n<div class=\"wp-block-column is-layout-flow wp-block-column-is-layout-flow\" style=\"flex-basis:100%\"><div class=\"n2_clear\"><ss3-force-full-width data-overflow-x=\"body\" data-horizontal-selector=\"body\"><div class=\"n2-section-smartslider fitvidsignore  n2_clear\" data-ssid=\"1\" tabindex=\"0\" role=\"region\" aria-label=\"Slider\"><div id=\"n2-ss-1-align\" class=\"n2-ss-align\"><div class=\"n2-padding\"><div id=\"n2-ss-1\" data-creator=\"Smart Slider 3\" data-responsive=\"fullwidth\" class=\"n2-ss-slider n2-ow n2-has-hover n2notransition  \">\n\n\n\n<div class=\"n2-ss-slider-wrapper-inside\">\n        <div class=\"n2-ss-slider-1 n2_ss__touch_element n2-ow\">\n            <div class=\"n2-ss-slider-2 n2-ow\">\n                                                    <div class=\"n2-ss-background-animation n2-ow\"><\/div>\n                                <div class=\"n2-ss-slider-3 n2-ow\">\n\n                    <div class=\"n2-ss-slide-backgrounds n2-ow-all\"><div class=\"n2-ss-slide-background\" data-public-id=\"1\" data-mode=\"fill\"><div class=\"n2-ss-slide-background-image\" data-blur=\"0\" data-opacity=\"100\" data-x=\"50\" data-y=\"50\" data-alt=\"\" data-title=\"\"><picture class=\"skip-lazy\" data-skip-lazy=\"1\"><img decoding=\"async\" src=\"\/\/fewo-seeblick-allgaeu.de\/wp-content\/uploads\/2022\/01\/Slider1_v2.jpg\" alt=\"\" title=\"\" loading=\"lazy\" class=\"skip-lazy\" data-skip-lazy=\"1\"><\/picture><\/div><div data-color=\"RGBA(255,255,255,0)\" style=\"background-color: RGBA(255,255,255,0);\" class=\"n2-ss-slide-background-color\"><\/div><\/div><div class=\"n2-ss-slide-background\" data-public-id=\"2\" data-mode=\"fill\"><div class=\"n2-ss-slide-background-image\" data-blur=\"0\" data-opacity=\"100\" data-x=\"50\" data-y=\"50\" data-alt=\"\" data-title=\"\"><picture class=\"skip-lazy\" data-skip-lazy=\"1\"><img decoding=\"async\" src=\"\/\/fewo-seeblick-allgaeu.de\/wp-content\/uploads\/2021\/11\/Slider_1.jpg\" alt=\"\" title=\"\" loading=\"lazy\" class=\"skip-lazy\" data-skip-lazy=\"1\"><\/picture><\/div><div data-color=\"RGBA(255,255,255,0)\" style=\"background-color: RGBA(255,255,255,0);\" class=\"n2-ss-slide-background-color\"><\/div><\/div><div class=\"n2-ss-slide-background\" data-public-id=\"3\" data-mode=\"fill\"><div class=\"n2-ss-slide-background-image\" data-blur=\"0\" data-opacity=\"100\" data-x=\"50\" data-y=\"50\" data-alt=\"\" data-title=\"\"><picture class=\"skip-lazy\" data-skip-lazy=\"1\"><img decoding=\"async\" src=\"\/\/fewo-seeblick-allgaeu.de\/wp-content\/uploads\/2021\/11\/Slider_2.jpg\" alt=\"\" title=\"\" loading=\"lazy\" class=\"skip-lazy\" data-skip-lazy=\"1\"><\/picture><\/div><div data-color=\"RGBA(255,255,255,0)\" style=\"background-color: RGBA(255,255,255,0);\" class=\"n2-ss-slide-background-color\"><\/div><\/div><div class=\"n2-ss-slide-background\" data-public-id=\"4\" data-mode=\"fill\"><div class=\"n2-ss-slide-background-image\" data-blur=\"0\" data-opacity=\"100\" data-x=\"50\" data-y=\"50\" data-alt=\"\" data-title=\"\"><picture class=\"skip-lazy\" data-skip-lazy=\"1\"><img decoding=\"async\" src=\"\/\/fewo-seeblick-allgaeu.de\/wp-content\/uploads\/2021\/11\/Slider_3.jpg\" alt=\"\" title=\"\" loading=\"lazy\" class=\"skip-lazy\" data-skip-lazy=\"1\"><\/picture><\/div><div data-color=\"RGBA(255,255,255,0)\" style=\"background-color: RGBA(255,255,255,0);\" class=\"n2-ss-slide-background-color\"><\/div><\/div><\/div>                    <div class=\"n2-ss-slider-4 n2-ow\">\n                        <svg xmlns=\"http:\/\/www.w3.org\/2000\/svg\" viewBox=\"0 0 2000 600\" data-related-device=\"desktopPortrait\" class=\"n2-ow n2-ss-preserve-size n2-ss-preserve-size--slider n2-ss-slide-limiter\"><\/svg><div data-first=\"1\" data-slide-duration=\"0\" data-id=\"5\" data-slide-public-id=\"1\" data-title=\"Slider_1\" class=\"n2-ss-slide n2-ow  n2-ss-slide-5\"><div role=\"note\" class=\"n2-ss-slide--focus\" tabindex=\"-1\">Slider_1<\/div><div class=\"n2-ss-layers-container n2-ss-slide-limiter n2-ow\"><div class=\"n2-ss-layer n2-ow n-uc-03QNM23Y9SCO\" data-sstype=\"slide\" data-pm=\"default\"><div class=\"n2-ss-layer n2-ow n-uc-1c395dc452d14\" data-pm=\"default\" data-sstype=\"content\" data-hasbackground=\"0\"><div class=\"n2-ss-section-main-content n2-ss-layer-with-background n2-ss-layer-content n2-ow n-uc-1c395dc452d14-inner\"><div class=\"n2-ss-layer n2-ow n-uc-103ccfe007be4\" data-pm=\"normal\" data-sstype=\"layer\"><h1 id=\"n2-ss-1item1\" class=\"n2-font-0d0ab684cb5e7bdb1325707f39a80ae3-hover n2-style-2d8a201c403531e816ea3cf1b7958502-heading   n2-ss-item-content n2-ss-text n2-ow\" style=\"display:block;\">Gria\u00df di, herzlich willkommen!<\/h1><\/div><\/div><\/div><\/div><\/div><\/div><div data-slide-duration=\"0\" data-id=\"134\" data-slide-public-id=\"2\" data-title=\"Slider_1\" class=\"n2-ss-slide n2-ow  n2-ss-slide-134\"><div role=\"note\" class=\"n2-ss-slide--focus\" tabindex=\"-1\">Slider_1<\/div><div class=\"n2-ss-layers-container n2-ss-slide-limiter n2-ow\"><div class=\"n2-ss-layer n2-ow n-uc-GNHNL1niar8M\" data-sstype=\"slide\" data-pm=\"default\"><\/div><\/div><\/div><div data-slide-duration=\"0\" data-id=\"6\" data-slide-public-id=\"3\" data-title=\"Slider_2\" class=\"n2-ss-slide n2-ow  n2-ss-slide-6\"><div role=\"note\" class=\"n2-ss-slide--focus\" tabindex=\"-1\">Slider_2<\/div><div class=\"n2-ss-layers-container n2-ss-slide-limiter n2-ow\"><div class=\"n2-ss-layer n2-ow n-uc-9kZxRxxVbcsg\" data-sstype=\"slide\" data-pm=\"default\"><\/div><\/div><\/div><div data-slide-duration=\"0\" data-id=\"7\" data-slide-public-id=\"4\" data-title=\"Slider_3\" class=\"n2-ss-slide n2-ow  n2-ss-slide-7\"><div role=\"note\" class=\"n2-ss-slide--focus\" tabindex=\"-1\">Slider_3<\/div><div class=\"n2-ss-layers-container n2-ss-slide-limiter n2-ow\"><div class=\"n2-ss-layer n2-ow n-uc-eBJs6h8E88C2\" data-sstype=\"slide\" data-pm=\"default\"><\/div><\/div><\/div>                    <\/div>\n\n                                    <\/div>\n            <\/div>\n        <\/div>\n        <div class=\"n2-ss-slider-controls n2-ss-slider-controls-absolute-left-center\"><div style=\"--widget-offset:15px;\" class=\"n2-ss-widget n2-ss-widget-display-hover nextend-arrow n2-ow-all nextend-arrow-previous  nextend-arrow-animated-fade\" data-hide-mobileportrait=\"1\" id=\"n2-ss-1-arrow-previous\" role=\"button\" aria-label=\"previous arrow\" tabindex=\"0\"><img loading=\"lazy\" decoding=\"async\" width=\"32\" height=\"32\" class=\"n2-arrow-normal-img skip-lazy\" data-skip-lazy=\"1\" src=\"data:image\/svg+xml;base64,PHN2ZyB3aWR0aD0iMzIiIGhlaWdodD0iMzIiIHZpZXdCb3g9IjAgMCAzMiAzMiIgeG1sbnM9Imh0dHA6Ly93d3cudzMub3JnLzIwMDAvc3ZnIj4KICAgIDxwYXRoIGQ9Ik0xMS40MzMgMTUuOTkyTDIyLjY5IDUuNzEyYy4zOTMtLjM5LjM5My0xLjAzIDAtMS40Mi0uMzkzLS4zOS0xLjAzLS4zOS0xLjQyMyAwbC0xMS45OCAxMC45NGMtLjIxLjIxLS4zLjQ5LS4yODUuNzYtLjAxNS4yOC4wNzUuNTYuMjg0Ljc3bDExLjk4IDEwLjk0Yy4zOTMuMzkgMS4wMy4zOSAxLjQyNCAwIC4zOTMtLjQuMzkzLTEuMDMgMC0xLjQybC0xMS4yNTctMTAuMjkiCiAgICAgICAgICBmaWxsPSIjZmZmZmZmIiBvcGFjaXR5PSIwLjgiIGZpbGwtcnVsZT0iZXZlbm9kZCIvPgo8L3N2Zz4=\" alt=\"previous arrow\"><img loading=\"lazy\" decoding=\"async\" width=\"32\" height=\"32\" class=\"n2-arrow-hover-img skip-lazy\" data-skip-lazy=\"1\" src=\"data:image\/svg+xml;base64,PHN2ZyB3aWR0aD0iMzIiIGhlaWdodD0iMzIiIHZpZXdCb3g9IjAgMCAzMiAzMiIgeG1sbnM9Imh0dHA6Ly93d3cudzMub3JnLzIwMDAvc3ZnIj4KICAgIDxwYXRoIGQ9Ik0xMS40MzMgMTUuOTkyTDIyLjY5IDUuNzEyYy4zOTMtLjM5LjM5My0xLjAzIDAtMS40Mi0uMzkzLS4zOS0xLjAzLS4zOS0xLjQyMyAwbC0xMS45OCAxMC45NGMtLjIxLjIxLS4zLjQ5LS4yODUuNzYtLjAxNS4yOC4wNzUuNTYuMjg0Ljc3bDExLjk4IDEwLjk0Yy4zOTMuMzkgMS4wMy4zOSAxLjQyNCAwIC4zOTMtLjQuMzkzLTEuMDMgMC0xLjQybC0xMS4yNTctMTAuMjkiCiAgICAgICAgICBmaWxsPSIjZmZmZmZmIiBvcGFjaXR5PSIxIiBmaWxsLXJ1bGU9ImV2ZW5vZGQiLz4KPC9zdmc+\" alt=\"previous arrow\"><\/div><\/div><div class=\"n2-ss-slider-controls n2-ss-slider-controls-absolute-right-center\"><div style=\"--widget-offset:15px;\" class=\"n2-ss-widget n2-ss-widget-display-hover nextend-arrow n2-ow-all nextend-arrow-next  nextend-arrow-animated-fade\" data-hide-mobileportrait=\"1\" id=\"n2-ss-1-arrow-next\" role=\"button\" aria-label=\"next arrow\" tabindex=\"0\"><img loading=\"lazy\" decoding=\"async\" width=\"32\" height=\"32\" class=\"n2-arrow-normal-img skip-lazy\" data-skip-lazy=\"1\" src=\"data:image\/svg+xml;base64,PHN2ZyB3aWR0aD0iMzIiIGhlaWdodD0iMzIiIHZpZXdCb3g9IjAgMCAzMiAzMiIgeG1sbnM9Imh0dHA6Ly93d3cudzMub3JnLzIwMDAvc3ZnIj4KICAgIDxwYXRoIGQ9Ik0xMC43MjIgNC4yOTNjLS4zOTQtLjM5LTEuMDMyLS4zOS0xLjQyNyAwLS4zOTMuMzktLjM5MyAxLjAzIDAgMS40MmwxMS4yODMgMTAuMjgtMTEuMjgzIDEwLjI5Yy0uMzkzLjM5LS4zOTMgMS4wMiAwIDEuNDIuMzk1LjM5IDEuMDMzLjM5IDEuNDI3IDBsMTIuMDA3LTEwLjk0Yy4yMS0uMjEuMy0uNDkuMjg0LS43Ny4wMTQtLjI3LS4wNzYtLjU1LS4yODYtLjc2TDEwLjcyIDQuMjkzeiIKICAgICAgICAgIGZpbGw9IiNmZmZmZmYiIG9wYWNpdHk9IjAuOCIgZmlsbC1ydWxlPSJldmVub2RkIi8+Cjwvc3ZnPg==\" alt=\"next arrow\"><img loading=\"lazy\" decoding=\"async\" width=\"32\" height=\"32\" class=\"n2-arrow-hover-img skip-lazy\" data-skip-lazy=\"1\" src=\"data:image\/svg+xml;base64,PHN2ZyB3aWR0aD0iMzIiIGhlaWdodD0iMzIiIHZpZXdCb3g9IjAgMCAzMiAzMiIgeG1sbnM9Imh0dHA6Ly93d3cudzMub3JnLzIwMDAvc3ZnIj4KICAgIDxwYXRoIGQ9Ik0xMC43MjIgNC4yOTNjLS4zOTQtLjM5LTEuMDMyLS4zOS0xLjQyNyAwLS4zOTMuMzktLjM5MyAxLjAzIDAgMS40MmwxMS4yODMgMTAuMjgtMTEuMjgzIDEwLjI5Yy0uMzkzLjM5LS4zOTMgMS4wMiAwIDEuNDIuMzk1LjM5IDEuMDMzLjM5IDEuNDI3IDBsMTIuMDA3LTEwLjk0Yy4yMS0uMjEuMy0uNDkuMjg0LS43Ny4wMTQtLjI3LS4wNzYtLjU1LS4yODYtLjc2TDEwLjcyIDQuMjkzeiIKICAgICAgICAgIGZpbGw9IiNmZmZmZmYiIG9wYWNpdHk9IjEiIGZpbGwtcnVsZT0iZXZlbm9kZCIvPgo8L3N2Zz4=\" alt=\"next arrow\"><\/div><\/div><div class=\"n2-ss-slider-controls n2-ss-slider-controls-absolute-center-bottom\"><div style=\"--widget-offset:5px;\" class=\"n2-ss-widget n2-ss-control-bullet n2-ow-all n2-ss-control-bullet-horizontal\"><div class=\" nextend-bullet-bar n2-bar-justify-content-center\" role=\"group\" aria-label=\"Choose slide to display.\"><div class=\"n2-bullet n2-style-37b83350d88fb82e7ea26e8ad7887167-dot \" style=\"visibility:hidden;\"><\/div><\/div><\/div><\/div><\/div><\/div><ss3-loader><\/ss3-loader><\/div><\/div><div class=\"n2_clear\"><\/div><\/div><\/ss3-force-full-width><\/div><\/div>\n<\/div>\n\n\n\n<p class=\"has-text-align-left has-medium-font-size\">In ruhiger, sonniger Hanglage, mit Blick auf den See und die Alpenkette, k\u00f6nnen Sie in unseren komfortablen Ferienwohnungen herrlich Urlaub machen. Vergessen Sie bei uns Ihren Alltagsstress. Bei einem erholsamen Spaziergang in und um Niedersonthofen, Baden am See, Wandern, Radeln oder Skifahren &#8211; bei uns k\u00f6nnen Sie die Natur genie\u00dfen. Abseits von Trubel, den Bergen so nah!<\/p>\n\n\n\n<p class=\"has-text-align-left has-medium-font-size\">Das Kr\u00e4uterdorf Niedersonthofen mit ca. 900 Einwohnern liegt vertr\u00e4umt am Ende des Niedersonthofenersees. Bei uns gibt es mehrere Gastst\u00e4tten, einen Dorfladen, einen B\u00e4cker und einen Getr\u00e4nkemarkt. Alles bequem zu Fu\u00df erreichbar! Das Dorfbild ist gepr\u00e4gt von blumengeschm\u00fcckten H\u00e4usern und einer Vielzahl von Landwirtschafts- als auch Handwerksbetrieben. <\/p>\n\n\n\n<p class=\"has-text-align-left has-medium-font-size\">Entdecken, genie\u00dfen und erleben Sie Ihren Urlaub bei uns!<\/p>\n\n\n\n<h2 class=\"has-text-align-center wp-block-heading\" id=\"ihre-familie-kittel\"><em><strong>Ihre Familie Kittel<\/strong><\/em><\/h2>\n\n\n\n<div class=\"wp-block-image\"><figure class=\"aligncenter size-large is-resized\"><img decoding=\"async\" src=\"http:\/\/fewo-seeblick-allgaeu.de\/wp-content\/uploads\/2021\/11\/Familie_Kittel-1024x695.jpg\" alt=\"\" class=\"wp-image-107\" width=\"-561\" height=\"-381\" srcset=\"https:\/\/fewo-seeblick-allgaeu.de\/wp-content\/uploads\/2021\/11\/Familie_Kittel-1024x695.jpg 1024w, https:\/\/fewo-seeblick-allgaeu.de\/wp-content\/uploads\/2021\/11\/Familie_Kittel-300x204.jpg 300w, https:\/\/fewo-seeblick-allgaeu.de\/wp-content\/uploads\/2021\/11\/Familie_Kittel-768x521.jpg 768w, https:\/\/fewo-seeblick-allgaeu.de\/wp-content\/uploads\/2021\/11\/Familie_Kittel-1536x1042.jpg 1536w, https:\/\/fewo-seeblick-allgaeu.de\/wp-content\/uploads\/2021\/11\/Familie_Kittel-2048x1390.jpg 2048w\" sizes=\"(max-width: 1024px) 100vw, 1024px\" \/><\/figure><\/div>\n","protected":false},"excerpt":{"rendered":"<p>In ruhiger, sonniger Hanglage, mit Blick auf den See und die Alpenkette, k\u00f6nnen Sie in unseren komfortablen Ferienwohnungen herrlich Urlaub machen. Vergessen Sie bei uns Ihren Alltagsstress. Bei einem erholsamen Spaziergang in und um Niedersonthofen, Baden am See, Wandern, Radeln oder Skifahren &#8211; bei uns k\u00f6nnen Sie die Natur genie\u00dfen. Abseits von Trubel, den Bergen&hellip;&nbsp;<a href=\"https:\/\/fewo-seeblick-allgaeu.de\/STRATO-apps\/wordpress_02\/app\/\" rel=\"bookmark\">Weiterlesen &raquo;<span class=\"screen-reader-text\">Gria\u00df&#8217;di, herzlich willkommen!<\/span><\/a><\/p>\n","protected":false},"author":1,"featured_media":0,"parent":0,"menu_order":0,"comment_status":"closed","ping_status":"open","template":"","meta":{"_uag_custom_page_level_css":"","neve_meta_sidebar":"full-width","neve_meta_container":"default","neve_meta_enable_content_width":"off","neve_meta_content_width":41,"neve_meta_title_alignment":"center","neve_meta_author_avatar":"","neve_post_elements_order":"","neve_meta_disable_header":"","neve_meta_disable_footer":"","neve_meta_disable_title":"on","footnotes":""},"class_list":["post-4","page","type-page","status-publish","hentry"],"uagb_featured_image_src":{"full":false,"thumbnail":false,"medium":false,"medium_large":false,"large":false,"1536x1536":false,"2048x2048":false,"neve-blog":false},"uagb_author_info":{"display_name":"admin","author_link":"https:\/\/fewo-seeblick-allgaeu.de\/STRATO-apps\/wordpress_02\/app\/author\/admin\/"},"uagb_comment_info":1,"uagb_excerpt":"In ruhiger, sonniger Hanglage, mit Blick auf den See und die Alpenkette, k\u00f6nnen Sie in unseren komfortablen Ferienwohnungen herrlich Urlaub machen. Vergessen Sie bei uns Ihren Alltagsstress. Bei einem erholsamen Spaziergang in und um Niedersonthofen, Baden am See, Wandern, Radeln oder Skifahren &#8211; bei uns k\u00f6nnen Sie die Natur genie\u00dfen. Abseits von Trubel, den Bergen&hellip;&nbsp;Weiterlesen&hellip;","_links":{"self":[{"href":"https:\/\/fewo-seeblick-allgaeu.de\/STRATO-apps\/wordpress_02\/app\/wp-json\/wp\/v2\/pages\/4","targetHints":{"allow":["GET"]}}],"collection":[{"href":"https:\/\/fewo-seeblick-allgaeu.de\/STRATO-apps\/wordpress_02\/app\/wp-json\/wp\/v2\/pages"}],"about":[{"href":"https:\/\/fewo-seeblick-allgaeu.de\/STRATO-apps\/wordpress_02\/app\/wp-json\/wp\/v2\/types\/page"}],"author":[{"embeddable":true,"href":"https:\/\/fewo-seeblick-allgaeu.de\/STRATO-apps\/wordpress_02\/app\/wp-json\/wp\/v2\/users\/1"}],"replies":[{"embeddable":true,"href":"https:\/\/fewo-seeblick-allgaeu.de\/STRATO-apps\/wordpress_02\/app\/wp-json\/wp\/v2\/comments?post=4"}],"version-history":[{"count":25,"href":"https:\/\/fewo-seeblick-allgaeu.de\/STRATO-apps\/wordpress_02\/app\/wp-json\/wp\/v2\/pages\/4\/revisions"}],"predecessor-version":[{"id":268,"href":"https:\/\/fewo-seeblick-allgaeu.de\/STRATO-apps\/wordpress_02\/app\/wp-json\/wp\/v2\/pages\/4\/revisions\/268"}],"wp:attachment":[{"href":"https:\/\/fewo-seeblick-allgaeu.de\/STRATO-apps\/wordpress_02\/app\/wp-json\/wp\/v2\/media?parent=4"}],"curies":[{"name":"wp","href":"https:\/\/api.w.org\/{rel}","templated":true}]}}