{"id":28,"date":"2021-11-13T20:41:30","date_gmt":"2021-11-13T20:41:30","guid":{"rendered":"http:\/\/fewo-seeblick-allgaeu.de\/?page_id=28"},"modified":"2025-07-24T13:06:06","modified_gmt":"2025-07-24T11:06:06","slug":"impressum-datenschutz","status":"publish","type":"page","link":"https:\/\/fewo-seeblick-allgaeu.de\/STRATO-apps\/wordpress_02\/app\/impressum-datenschutz\/","title":{"rendered":"Impressum"},"content":{"rendered":"\n<hr class=\"wp-block-separator has-text-color has-nv-site-bg-color has-css-opacity has-nv-site-bg-background-color has-background\"\/>\n\n\n\n<div class=\"wp-block-uagb-advanced-heading uagb-block-c8a0edf1 uagb-heading-text\"><h1 class=\"uagb-heading-text\">Impressum<\/h1><div class=\"uagb-separator\"><\/div><\/div>\n\n\n\n<div style=\"height:30px\" aria-hidden=\"true\" class=\"wp-block-spacer\"><\/div>\n\n\n\n<p class=\"has-text-align-center\"><strong>Angaben gem\u00e4\u00df \u00a7 5 TMG<\/strong><br>Sabine Kittel<br>Am Letten 5<br>87448 Niedersonthofen<\/p>\n\n\n\n<p class=\"has-text-align-center\"><strong>Kontakt<\/strong><br>Telefon: 08379\/9203-0<br>Telefax: 08379\/9203-33<br>E-Mail: sabine@g-kittel.de<\/p>\n\n\n\n<p class=\"has-text-align-center\">Zur Teilnahme an einem Streitbeilegungsverfahren vor einer Verbraucherschlichtungsstelle sind wir nicht verpflichtet und nicht bereit.<\/p>\n\n\n\n<p class=\"has-text-align-center\"><strong>Haftungshinweis:<\/strong><br>Trotz sorgf\u00e4ltiger inhaltlicher Kontrolle \u00fcbernehmen wir keine Haftung f\u00fcr die Inhalte externer Links. F\u00fcr den Inhalt der verlinkten Seiten sind ausschlie\u00dflich deren Betreiber verantwortlich.<\/p>\n","protected":false},"excerpt":{"rendered":"<p>Impressum Angaben gem\u00e4\u00df \u00a7 5 TMGSabine KittelAm Letten 587448 Niedersonthofen KontaktTelefon: 08379\/9203-0Telefax: 08379\/9203-33E-Mail: sabine@g-kittel.de Zur Teilnahme an einem Streitbeilegungsverfahren vor einer Verbraucherschlichtungsstelle sind wir nicht verpflichtet und nicht bereit. Haftungshinweis:Trotz sorgf\u00e4ltiger inhaltlicher Kontrolle \u00fcbernehmen wir keine Haftung f\u00fcr die Inhalte externer Links. F\u00fcr den Inhalt der verlinkten Seiten sind ausschlie\u00dflich deren Betreiber verantwortlich.<\/p>\n","protected":false},"author":1,"featured_media":0,"parent":0,"menu_order":0,"comment_status":"closed","ping_status":"closed","template":"","meta":{"_uag_custom_page_level_css":"","neve_meta_sidebar":"","neve_meta_container":"","neve_meta_enable_content_width":"","neve_meta_content_width":0,"neve_meta_title_alignment":"","neve_meta_author_avatar":"","neve_post_elements_order":"","neve_meta_disable_header":"","neve_meta_disable_footer":"","neve_meta_disable_title":"","footnotes":""},"class_list":["post-28","page","type-page","status-publish","hentry"],"uagb_featured_image_src":{"full":false,"thumbnail":false,"medium":false,"medium_large":false,"large":false,"1536x1536":false,"2048x2048":false,"neve-blog":false},"uagb_author_info":{"display_name":"admin","author_link":"https:\/\/fewo-seeblick-allgaeu.de\/STRATO-apps\/wordpress_02\/app\/author\/admin\/"},"uagb_comment_info":0,"uagb_excerpt":"Impressum Angaben gem\u00e4\u00df \u00a7 5 TMGSabine KittelAm Letten 587448 Niedersonthofen KontaktTelefon: 08379\/9203-0Telefax: 08379\/9203-33E-Mail: sabine@g-kittel.de Zur Teilnahme an einem Streitbeilegungsverfahren vor einer Verbraucherschlichtungsstelle sind wir nicht verpflichtet und nicht bereit. Haftungshinweis:Trotz sorgf\u00e4ltiger inhaltlicher Kontrolle \u00fcbernehmen wir keine Haftung f\u00fcr die Inhalte externer Links. F\u00fcr den Inhalt der verlinkten Seiten sind ausschlie\u00dflich deren Betreiber verantwortlich.","_links":{"self":[{"href":"https:\/\/fewo-seeblick-allgaeu.de\/STRATO-apps\/wordpress_02\/app\/wp-json\/wp\/v2\/pages\/28","targetHints":{"allow":["GET"]}}],"collection":[{"href":"https:\/\/fewo-seeblick-allgaeu.de\/STRATO-apps\/wordpress_02\/app\/wp-json\/wp\/v2\/pages"}],"about":[{"href":"https:\/\/fewo-seeblick-allgaeu.de\/STRATO-apps\/wordpress_02\/app\/wp-json\/wp\/v2\/types\/page"}],"author":[{"embeddable":true,"href":"https:\/\/fewo-seeblick-allgaeu.de\/STRATO-apps\/wordpress_02\/app\/wp-json\/wp\/v2\/users\/1"}],"replies":[{"embeddable":true,"href":"https:\/\/fewo-seeblick-allgaeu.de\/STRATO-apps\/wordpress_02\/app\/wp-json\/wp\/v2\/comments?post=28"}],"version-history":[{"count":8,"href":"https:\/\/fewo-seeblick-allgaeu.de\/STRATO-apps\/wordpress_02\/app\/wp-json\/wp\/v2\/pages\/28\/revisions"}],"predecessor-version":[{"id":696,"href":"https:\/\/fewo-seeblick-allgaeu.de\/STRATO-apps\/wordpress_02\/app\/wp-json\/wp\/v2\/pages\/28\/revisions\/696"}],"wp:attachment":[{"href":"https:\/\/fewo-seeblick-allgaeu.de\/STRATO-apps\/wordpress_02\/app\/wp-json\/wp\/v2\/media?parent=28"}],"curies":[{"name":"wp","href":"https:\/\/api.w.org\/{rel}","templated":true}]}}